{"id":325,"date":"2020-06-30T11:33:22","date_gmt":"2020-06-30T09:33:22","guid":{"rendered":"https:\/\/2024.igrzyskawolnosci.pl\/en\/?page_id=325"},"modified":"2020-06-30T11:33:23","modified_gmt":"2020-06-30T09:33:23","slug":"contact","status":"publish","type":"page","link":"https:\/\/2024.igrzyskawolnosci.pl\/en\/contact\/","title":{"rendered":"Contact"},"content":{"rendered":"\n<p><strong>Libert\u00e9! Foundation<\/strong><\/p>\n\n\n\n<p>(Main Organizer of Freedom Games)<\/p>\n\n\n\n<p>102 Piotrkowska Street<\/p>\n\n\n\n<p>90\u2013004 \u0141\u00f3d\u017a, Poland<\/p>\n\n\n\n<p><strong>e-mail<\/strong>: fundacja@findustrial.pl<\/p>\n","protected":false},"excerpt":{"rendered":"<p>Libert\u00e9! Foundation (Main Organizer of Freedom Games) 102 Piotrkowska Street 90\u2013004 \u0141\u00f3d\u017a, Poland e-mail: fundacja@findustrial.pl<\/p>\n","protected":false},"author":2,"featured_media":0,"parent":0,"menu_order":0,"comment_status":"closed","ping_status":"closed","template":"","meta":{"footnotes":""},"acf":[],"yoast_head":"<!-- This site is optimized with the Yoast SEO Premium plugin v21.0 (Yoast SEO v21.0) - https:\/\/yoast.com\/wordpress\/plugins\/seo\/ -->\n<title>Contact - Freedom Games 2023<\/title>\n<meta name=\"robots\" content=\"noindex, follow, max-snippet:-1, max-image-preview:large, max-video-preview:-1\" \/>\n<meta property=\"og:locale\" content=\"en_US\" \/>\n<meta property=\"og:type\" content=\"article\" \/>\n<meta property=\"og:title\" content=\"Contact - Freedom Games 2023\" \/>\n<meta property=\"og:description\" content=\"Libert\u00e9! Foundation (Main Organizer of Freedom Games) 102 Piotrkowska Street 90\u2013004 \u0141\u00f3d\u017a, Poland e-mail: fundacja@findustrial.pl\" \/>\n<meta property=\"og:url\" content=\"https:\/\/2024.igrzyskawolnosci.pl\/en\/contact\/\" \/>\n<meta property=\"og:site_name\" content=\"Freedom Games 2023\" \/>\n<meta property=\"article:modified_time\" content=\"2020-06-30T09:33:23+00:00\" \/>\n<meta name=\"twitter:card\" content=\"summary_large_image\" \/>\n<script type=\"application\/ld+json\" class=\"yoast-schema-graph\">{\"@context\":\"https:\/\/schema.org\",\"@graph\":[{\"@type\":\"WebPage\",\"@id\":\"https:\/\/2024.igrzyskawolnosci.pl\/en\/contact\/\",\"url\":\"https:\/\/2024.igrzyskawolnosci.pl\/en\/contact\/\",\"name\":\"Contact - Freedom Games 2023\",\"isPartOf\":{\"@id\":\"https:\/\/2024.igrzyskawolnosci.pl\/en\/#website\"},\"datePublished\":\"2020-06-30T09:33:22+00:00\",\"dateModified\":\"2020-06-30T09:33:23+00:00\",\"inLanguage\":\"en-US\",\"potentialAction\":[{\"@type\":\"ReadAction\",\"target\":[\"https:\/\/2024.igrzyskawolnosci.pl\/en\/contact\/\"]}]},{\"@type\":\"WebSite\",\"@id\":\"https:\/\/2024.igrzyskawolnosci.pl\/en\/#website\",\"url\":\"https:\/\/2024.igrzyskawolnosci.pl\/en\/\",\"name\":\"Freedom Games 2023\",\"description\":\"Kolejna witryna sieci \u201eIgrzyska Wolno\u015bci 2022\u201d\",\"potentialAction\":[{\"@type\":\"SearchAction\",\"target\":{\"@type\":\"EntryPoint\",\"urlTemplate\":\"https:\/\/2024.igrzyskawolnosci.pl\/en\/?s={search_term_string}\"},\"query-input\":\"required name=search_term_string\"}],\"inLanguage\":\"en-US\"}]}<\/script>\n<!-- \/ Yoast SEO Premium plugin. -->","yoast_head_json":{"title":"Contact - Freedom Games 2023","robots":{"index":"noindex","follow":"follow","max-snippet":"max-snippet:-1","max-image-preview":"max-image-preview:large","max-video-preview":"max-video-preview:-1"},"og_locale":"en_US","og_type":"article","og_title":"Contact - Freedom Games 2023","og_description":"Libert\u00e9! Foundation (Main Organizer of Freedom Games) 102 Piotrkowska Street 90\u2013004 \u0141\u00f3d\u017a, Poland e-mail: fundacja@findustrial.pl","og_url":"https:\/\/2024.igrzyskawolnosci.pl\/en\/contact\/","og_site_name":"Freedom Games 2023","article_modified_time":"2020-06-30T09:33:23+00:00","twitter_card":"summary_large_image","schema":{"@context":"https:\/\/schema.org","@graph":[{"@type":"WebPage","@id":"https:\/\/2024.igrzyskawolnosci.pl\/en\/contact\/","url":"https:\/\/2024.igrzyskawolnosci.pl\/en\/contact\/","name":"Contact - Freedom Games 2023","isPartOf":{"@id":"https:\/\/2024.igrzyskawolnosci.pl\/en\/#website"},"datePublished":"2020-06-30T09:33:22+00:00","dateModified":"2020-06-30T09:33:23+00:00","inLanguage":"en-US","potentialAction":[{"@type":"ReadAction","target":["https:\/\/2024.igrzyskawolnosci.pl\/en\/contact\/"]}]},{"@type":"WebSite","@id":"https:\/\/2024.igrzyskawolnosci.pl\/en\/#website","url":"https:\/\/2024.igrzyskawolnosci.pl\/en\/","name":"Freedom Games 2023","description":"Kolejna witryna sieci \u201eIgrzyska Wolno\u015bci 2022\u201d","potentialAction":[{"@type":"SearchAction","target":{"@type":"EntryPoint","urlTemplate":"https:\/\/2024.igrzyskawolnosci.pl\/en\/?s={search_term_string}"},"query-input":"required name=search_term_string"}],"inLanguage":"en-US"}]}},"_links":{"self":[{"href":"https:\/\/2024.igrzyskawolnosci.pl\/en\/wp-json\/wp\/v2\/pages\/325"}],"collection":[{"href":"https:\/\/2024.igrzyskawolnosci.pl\/en\/wp-json\/wp\/v2\/pages"}],"about":[{"href":"https:\/\/2024.igrzyskawolnosci.pl\/en\/wp-json\/wp\/v2\/types\/page"}],"author":[{"embeddable":true,"href":"https:\/\/2024.igrzyskawolnosci.pl\/en\/wp-json\/wp\/v2\/users\/2"}],"replies":[{"embeddable":true,"href":"https:\/\/2024.igrzyskawolnosci.pl\/en\/wp-json\/wp\/v2\/comments?post=325"}],"version-history":[{"count":1,"href":"https:\/\/2024.igrzyskawolnosci.pl\/en\/wp-json\/wp\/v2\/pages\/325\/revisions"}],"predecessor-version":[{"id":327,"href":"https:\/\/2024.igrzyskawolnosci.pl\/en\/wp-json\/wp\/v2\/pages\/325\/revisions\/327"}],"wp:attachment":[{"href":"https:\/\/2024.igrzyskawolnosci.pl\/en\/wp-json\/wp\/v2\/media?parent=325"}],"curies":[{"name":"wp","href":"https:\/\/api.w.org\/{rel}","templated":true}]}}