{"id":150,"date":"2020-04-16T12:09:04","date_gmt":"2020-04-16T10:09:04","guid":{"rendered":"https:\/\/2024.igrzyskawolnosci.pl\/en\/?page_id=150"},"modified":"2024-10-14T21:14:32","modified_gmt":"2024-10-14T19:14:32","slug":"about-liberte-foundation","status":"publish","type":"page","link":"https:\/\/2024.igrzyskawolnosci.pl\/en\/about-liberte-foundation\/","title":{"rendered":"About Libert\u00e9! Foundation"},"content":{"rendered":"\n<h2 class=\"wp-block-heading\">The Libert\u00e9! Foundation (Fundacja Libert\u00e9!) is a think tank and a civil society organization founded in 2007 in Poland. <\/h2>\n\n\n\n<p>The main focus of our activities is publishing  expert, ideological, socio-political Libert\u00e9! magazine \u2013 a quarterly  magazine in print and an online magazine www.liberte.pl. Our mission is  to promote civic engagement for community, an open society, liberal  economic ideas, European integration, and to organize a social movement  around these ideas in Poland. <\/p>\n\n\n\n<p>The Foundation is a member of <strong>expert organizations<\/strong>:  4liberty.eu network, Atlas network, and European Liberal Forum (ELF).&nbsp;We  cooperate with: Friedrich Naumann Foundation for Freedom, Atlas  Foundation, Open Society Foundations, Stefan Batory Foundation, Polish  Confederation of Private Employers Lewiatan, Ministry of Culture and  National Heritage of the Republic of Poland, Polish National Centre for  Culture, Ministry of Foreign Affairs of the Republic of Poland, Polish  Book Institute, City of Lodz Office. <\/p>\n","protected":false},"excerpt":{"rendered":"<p>The Libert\u00e9! Foundation (Fundacja Libert\u00e9!) is a think tank and a civil society organization founded in 2007 in Poland. The main focus of our activities is publishing expert, ideological, socio-political Libert\u00e9! magazine \u2013 a quarterly magazine in print and an online magazine www.liberte.pl. Our mission is to promote civic engagement for community, an open society, [&hellip;]<\/p>\n","protected":false},"author":1,"featured_media":338,"parent":0,"menu_order":0,"comment_status":"closed","ping_status":"closed","template":"page-about.php","meta":{"footnotes":""},"acf":[],"yoast_head":"<!-- This site is optimized with the Yoast SEO Premium plugin v21.0 (Yoast SEO v21.0) - https:\/\/yoast.com\/wordpress\/plugins\/seo\/ -->\n<title>About Libert\u00e9! Foundation - Freedom Games 2023<\/title>\n<meta name=\"robots\" content=\"noindex, follow, max-snippet:-1, max-image-preview:large, max-video-preview:-1\" \/>\n<meta property=\"og:locale\" content=\"en_US\" \/>\n<meta property=\"og:type\" content=\"article\" \/>\n<meta property=\"og:title\" content=\"About Libert\u00e9! Foundation - Freedom Games 2023\" \/>\n<meta property=\"og:description\" content=\"The Libert\u00e9! Foundation (Fundacja Libert\u00e9!) is a think tank and a civil society organization founded in 2007 in Poland. The main focus of our activities is publishing expert, ideological, socio-political Libert\u00e9! magazine \u2013 a quarterly magazine in print and an online magazine www.liberte.pl. Our mission is to promote civic engagement for community, an open society, [&hellip;]\" \/>\n<meta property=\"og:url\" content=\"https:\/\/2024.igrzyskawolnosci.pl\/en\/about-liberte-foundation\/\" \/>\n<meta property=\"og:site_name\" content=\"Freedom Games 2023\" \/>\n<meta property=\"article:modified_time\" content=\"2024-10-14T19:14:32+00:00\" \/>\n<meta property=\"og:image\" content=\"https:\/\/2024.igrzyskawolnosci.pl\/en\/wp-content\/uploads\/sites\/2\/2020\/07\/70313761_10158883874578206_4073482395255308288_n.jpg\" \/>\n\t<meta property=\"og:image:width\" content=\"861\" \/>\n\t<meta property=\"og:image:height\" content=\"447\" \/>\n\t<meta property=\"og:image:type\" content=\"image\/jpeg\" \/>\n<meta name=\"twitter:card\" content=\"summary_large_image\" \/>\n<meta name=\"twitter:label1\" content=\"Est. reading time\" \/>\n\t<meta name=\"twitter:data1\" content=\"1 minute\" \/>\n<script type=\"application\/ld+json\" class=\"yoast-schema-graph\">{\"@context\":\"https:\/\/schema.org\",\"@graph\":[{\"@type\":\"WebPage\",\"@id\":\"https:\/\/2024.igrzyskawolnosci.pl\/en\/about-liberte-foundation\/\",\"url\":\"https:\/\/2024.igrzyskawolnosci.pl\/en\/about-liberte-foundation\/\",\"name\":\"About Libert\u00e9! Foundation - Freedom Games 2023\",\"isPartOf\":{\"@id\":\"https:\/\/2024.igrzyskawolnosci.pl\/en\/#website\"},\"datePublished\":\"2020-04-16T10:09:04+00:00\",\"dateModified\":\"2024-10-14T19:14:32+00:00\",\"inLanguage\":\"en-US\",\"potentialAction\":[{\"@type\":\"ReadAction\",\"target\":[\"https:\/\/2024.igrzyskawolnosci.pl\/en\/about-liberte-foundation\/\"]}]},{\"@type\":\"WebSite\",\"@id\":\"https:\/\/2024.igrzyskawolnosci.pl\/en\/#website\",\"url\":\"https:\/\/2024.igrzyskawolnosci.pl\/en\/\",\"name\":\"Freedom Games 2023\",\"description\":\"Kolejna witryna sieci \u201eIgrzyska Wolno\u015bci 2022\u201d\",\"potentialAction\":[{\"@type\":\"SearchAction\",\"target\":{\"@type\":\"EntryPoint\",\"urlTemplate\":\"https:\/\/2024.igrzyskawolnosci.pl\/en\/?s={search_term_string}\"},\"query-input\":\"required name=search_term_string\"}],\"inLanguage\":\"en-US\"}]}<\/script>\n<!-- \/ Yoast SEO Premium plugin. -->","yoast_head_json":{"title":"About Libert\u00e9! Foundation - Freedom Games 2023","robots":{"index":"noindex","follow":"follow","max-snippet":"max-snippet:-1","max-image-preview":"max-image-preview:large","max-video-preview":"max-video-preview:-1"},"og_locale":"en_US","og_type":"article","og_title":"About Libert\u00e9! Foundation - Freedom Games 2023","og_description":"The Libert\u00e9! Foundation (Fundacja Libert\u00e9!) is a think tank and a civil society organization founded in 2007 in Poland. The main focus of our activities is publishing expert, ideological, socio-political Libert\u00e9! magazine \u2013 a quarterly magazine in print and an online magazine www.liberte.pl. Our mission is to promote civic engagement for community, an open society, [&hellip;]","og_url":"https:\/\/2024.igrzyskawolnosci.pl\/en\/about-liberte-foundation\/","og_site_name":"Freedom Games 2023","article_modified_time":"2024-10-14T19:14:32+00:00","og_image":[{"width":861,"height":447,"url":"https:\/\/2024.igrzyskawolnosci.pl\/en\/wp-content\/uploads\/sites\/2\/2020\/07\/70313761_10158883874578206_4073482395255308288_n.jpg","type":"image\/jpeg"}],"twitter_card":"summary_large_image","twitter_misc":{"Est. reading time":"1 minute"},"schema":{"@context":"https:\/\/schema.org","@graph":[{"@type":"WebPage","@id":"https:\/\/2024.igrzyskawolnosci.pl\/en\/about-liberte-foundation\/","url":"https:\/\/2024.igrzyskawolnosci.pl\/en\/about-liberte-foundation\/","name":"About Libert\u00e9! Foundation - Freedom Games 2023","isPartOf":{"@id":"https:\/\/2024.igrzyskawolnosci.pl\/en\/#website"},"datePublished":"2020-04-16T10:09:04+00:00","dateModified":"2024-10-14T19:14:32+00:00","inLanguage":"en-US","potentialAction":[{"@type":"ReadAction","target":["https:\/\/2024.igrzyskawolnosci.pl\/en\/about-liberte-foundation\/"]}]},{"@type":"WebSite","@id":"https:\/\/2024.igrzyskawolnosci.pl\/en\/#website","url":"https:\/\/2024.igrzyskawolnosci.pl\/en\/","name":"Freedom Games 2023","description":"Kolejna witryna sieci \u201eIgrzyska Wolno\u015bci 2022\u201d","potentialAction":[{"@type":"SearchAction","target":{"@type":"EntryPoint","urlTemplate":"https:\/\/2024.igrzyskawolnosci.pl\/en\/?s={search_term_string}"},"query-input":"required name=search_term_string"}],"inLanguage":"en-US"}]}},"_links":{"self":[{"href":"https:\/\/2024.igrzyskawolnosci.pl\/en\/wp-json\/wp\/v2\/pages\/150"}],"collection":[{"href":"https:\/\/2024.igrzyskawolnosci.pl\/en\/wp-json\/wp\/v2\/pages"}],"about":[{"href":"https:\/\/2024.igrzyskawolnosci.pl\/en\/wp-json\/wp\/v2\/types\/page"}],"author":[{"embeddable":true,"href":"https:\/\/2024.igrzyskawolnosci.pl\/en\/wp-json\/wp\/v2\/users\/1"}],"replies":[{"embeddable":true,"href":"https:\/\/2024.igrzyskawolnosci.pl\/en\/wp-json\/wp\/v2\/comments?post=150"}],"version-history":[{"count":19,"href":"https:\/\/2024.igrzyskawolnosci.pl\/en\/wp-json\/wp\/v2\/pages\/150\/revisions"}],"predecessor-version":[{"id":9814,"href":"https:\/\/2024.igrzyskawolnosci.pl\/en\/wp-json\/wp\/v2\/pages\/150\/revisions\/9814"}],"wp:featuredmedia":[{"embeddable":true,"href":"https:\/\/2024.igrzyskawolnosci.pl\/en\/wp-json\/wp\/v2\/media\/338"}],"wp:attachment":[{"href":"https:\/\/2024.igrzyskawolnosci.pl\/en\/wp-json\/wp\/v2\/media?parent=150"}],"curies":[{"name":"wp","href":"https:\/\/api.w.org\/{rel}","templated":true}]}}